{"id":10132,"date":"2025-12-22T11:54:39","date_gmt":"2025-12-22T09:54:39","guid":{"rendered":"https:\/\/publyon.com\/?page_id=10132"},"modified":"2026-04-07T10:29:24","modified_gmt":"2026-04-07T08:29:24","slug":"over-publyon","status":"publish","type":"page","link":"https:\/\/publyon.com\/nl\/over-publyon\/","title":{"rendered":"Over Publyon"},"content":{"rendered":"\n  <div class=\"banner has-hover subheader-block\" id=\"banner-343352434\">\n          <div class=\"banner-inner fill\">\n        <div class=\"banner-bg fill\" >\n            <img data-recalc-dims=\"1\" loading=\"lazy\" decoding=\"async\" width=\"1020\" height=\"346\" src=\"https:\/\/i0.wp.com\/publyon.com\/wp-content\/uploads\/2023\/03\/Header-Sectoren.png?resize=1020%2C346&#038;ssl=1\" class=\"bg attachment-original size-original\" alt=\"\" \/>                                    \n                    <\/div>\n\t\t\n        <div class=\"banner-layers container\">\n            <div class=\"fill banner-link\"><\/div>            \n   <div id=\"text-box-1269982698\" class=\"text-box banner-layer x50 md-x5 lg-x0 y90 md-y90 lg-y90 res-text\">\n                                <div class=\"text-box-content text dark\">\n              \n              <div class=\"text-inner text-center\">\n                  \n\t<div id=\"text-1465515653\" class=\"text\">\n\t\t\n<h1>Publyon waar beleid vooruitgang wordt<\/h1>\n\n\t\t\n<style>\n#text-1465515653 {\n  text-align: left;\n}\n<\/style>\n\t<\/div>\n\t\n              <\/div>\n           <\/div>\n                            \n<style>\n#text-box-1269982698 {\n  width: 88%;\n}\n#text-box-1269982698 .text-box-content {\n  font-size: 100%;\n}\n@media (min-width:550px) {\n  #text-box-1269982698 {\n    width: 91%;\n  }\n}\n@media (min-width:850px) {\n  #text-box-1269982698 {\n    width: 51%;\n  }\n}\n<\/style>\n    <\/div>\n \n        <\/div>\n      <\/div>\n\n            \n<style>\n#banner-343352434 {\n  padding-top: 500px;\n  background-color: rgb(155, 25, 131);\n}\n<\/style>\n  <\/div>\n\n\n<section class=\"section single-text  light visible\">\n    <div class=\"bg section-bg fill bg-fill bg-loaded\">\n    <\/div>\n    <div class=\"section-content relative\">\n        <div class=\"gap-element clearfix hide-for-medium\" style=\"display:block; height:auto; padding-top: 40px;\"><\/div>\n        <div class=\"row row-large align-center align-middle\">\n            <div class=\"col text-col medium-12 small-12 large-8\">\n                <div class=\"col-inner\">\n                    \n<h2>Wij geloven dat beleid geen barri\u00e8re is, maar een katalysator voor jouw vooruitgang<\/h2>\n<p>Daarom helpen we je niet alleen om beleid te volgen, maar om het te be\u00efnvloeden en te benutten. Of je nu draagvlak zoekt in de buurt, invloed in Den Haag of een stem in Brussel. Wij zorgen dat je gehoord wordt, dat je steun krijgt en dat je sterker uit transities komt.<\/p>\n<p>We doen dat niet v\u00f3\u00f3r je, maar m\u00e9t je. We leren je hoe je zelf je netwerk bouwt, hoe je de juiste strategie kiest en hoe je met vertrouwen in gesprek gaat met stakeholders. Onafhankelijk. Realistisch. Gericht op wat w\u00e9l kan. Van buurthuis tot Brussel. Van bewonersbijeenkomst tot boardroom. Samen maken we beleid tot vooruitgang.<\/p>\n\n                <\/div>\n            <\/div>     \n        <\/div>\n        <div class=\"gap-element clearfix hide-for-medium\" style=\"display:block; height:auto; padding-top:  30px;\"><\/div>\n    <\/div>\n<\/section>\n<section class=\"section single-text  dark visible\">\n    <div class=\"bg section-bg fill bg-fill bg-loaded\">\n    <\/div>\n    <div class=\"section-content relative\">\n        <div class=\"gap-element clearfix hide-for-medium\" style=\"display:block; height:auto; padding-top: 40px;\"><\/div>\n        <div class=\"row row-large align-center align-middle\">\n            <div class=\"col text-col medium-12 small-12 large-8\">\n                <div class=\"col-inner\">\n                    \n<h2>We zien beleid anders<\/h2>\n<p>Veel organisaties ervaren beleid als iets dat hen overkomt. Nieuwe regels. Druk van buiten. Onzekerheid over wat er gaat komen. Wij zien dat anders.<\/p>\n<p>Wij geloven dat beleid pas werkt als het gedragen wordt. Dat transitie geen bedreiging is, maar een kans. En dat samenwerking meer oplevert dan alleen standpunten verdedigen. Daarom zeggen wij wat werkt, en wat niet. We denken mee, maar zijn ook kritisch als dat nodig is. We werken naast onze klanten, niet erboven. Onze klanten waarderen die houding. Niet omdat we altijd gelijk hebben, maar omdat het ze echt vooruithelpt.<\/p>\n<blockquote><p>\u201cPublyon hielp ons niet alleen gehoord te worden, maar ook begrepen.\u201d \u2014 Directeur brancheorganisatie, Brussel<\/p><\/blockquote>\n\n                <\/div>\n            <\/div>     \n        <\/div>\n        <div class=\"gap-element clearfix hide-for-medium\" style=\"display:block; height:auto; padding-top:  30px;\"><\/div>\n    <\/div>\n<\/section>\n<div class=\"row\"  id=\"row-2105595508\">\n\n\t<div id=\"col-261302935\" class=\"col medium-2 small-12 large-2\"  >\n\t\t\t\t<div class=\"col-inner\"  >\n\t\t\t\n\t\t\t\n\t\t<\/div>\n\t\t\t\t\t<\/div>\n\n\t\n\n\t<div id=\"col-146663277\" class=\"col medium-4 small-12 large-4\"  >\n\t\t\t\t<div class=\"col-inner text-center\"  >\n\t\t\t\n\t<div class=\"is-border\"\n\t\tstyle=\"border-color:rgb(214, 7, 127);border-width:0px 0px 0px 0px;\">\n\t<\/div>\n\t\t\t\n\t<div class=\"img has-hover x md-x lg-x y md-y lg-y\" id=\"image_463157425\">\n\t\t\t\t\t\t\t\t<div class=\"img-inner dark\" >\n\t\t\t<img loading=\"lazy\" decoding=\"async\" width=\"300\" height=\"200\" src=\"https:\/\/i0.wp.com\/publyon.com\/wp-content\/uploads\/2023\/03\/PublyonDH080323_0257.jpg?fit=300%2C200&amp;ssl=1\" class=\"attachment-medium size-medium\" alt=\"Partners Publyon Den Haag\" srcset=\"https:\/\/i0.wp.com\/publyon.com\/wp-content\/uploads\/2023\/03\/PublyonDH080323_0257.jpg?w=2500&amp;ssl=1 2500w, https:\/\/i0.wp.com\/publyon.com\/wp-content\/uploads\/2023\/03\/PublyonDH080323_0257.jpg?resize=300%2C200&amp;ssl=1 300w, https:\/\/i0.wp.com\/publyon.com\/wp-content\/uploads\/2023\/03\/PublyonDH080323_0257.jpg?resize=1024%2C683&amp;ssl=1 1024w, https:\/\/i0.wp.com\/publyon.com\/wp-content\/uploads\/2023\/03\/PublyonDH080323_0257.jpg?resize=768%2C512&amp;ssl=1 768w, https:\/\/i0.wp.com\/publyon.com\/wp-content\/uploads\/2023\/03\/PublyonDH080323_0257.jpg?resize=1536%2C1024&amp;ssl=1 1536w, https:\/\/i0.wp.com\/publyon.com\/wp-content\/uploads\/2023\/03\/PublyonDH080323_0257.jpg?resize=2048%2C1366&amp;ssl=1 2048w\" sizes=\"auto, (max-width: 300px) 100vw, 300px\" \/>\t\t\t\t\t\t\n\t\t\t\t\t<\/div>\n\t\t\t\t\t\t\t\t\n<style>\n#image_463157425 {\n  width: 100%;\n}\n<\/style>\n\t<\/div>\n\t\n\t\t<\/div>\n\t\t\t\t\t<\/div>\n\n\t\n\n\t<div id=\"col-835565275\" class=\"col medium-6 small-12 large-6\"  >\n\t\t\t\t<div class=\"col-inner text-center\"  >\n\t\t\t\n\t\t\t\n<h2>Van Brussel tot buurthuis<\/h2>\n<p style=\"text-align: left;\">Beleid wordt gemaakt, vertaald en uitgevoerd op verschillende niveaus. Onze kracht zit in de samenhang daartussen. Zo maken we jouw strategie effectief op elk speelveld:<\/p>\n<p style=\"text-align: left;\"><strong>Publyon EU<\/strong> \u2013 Invloed op de plek waar de Europese besluiten worden genomen.<br \/><strong>Publyon NL<\/strong> \u2013 Strategie en positionering binnen de nationale transities.<br \/><strong>Publyon SOM<\/strong> \u2013 Lokaal draagvlak en samenwerking die werkt in de praktijk.<\/p>\n<p style=\"text-align: left;\">Van Brussel tot buurthuis. E\u00e9n merk, \u00e9\u00e9n verhaal, \u00e9\u00e9n overtuiging.<\/p>\n\t\t<\/div>\n\t\t\t\t\n<style>\n#col-835565275 > .col-inner {\n  padding: 20px 0px 0px 0px;\n}\n<\/style>\n\t<\/div>\n\n\t\n\n<style>\n#row-2105595508 > .col > .col-inner {\n  padding: 40px 0px 0px 0px;\n}\n<\/style>\n<\/div>\n<div class=\"row\"  id=\"row-157731216\">\n\n\t<div id=\"col-1745562998\" class=\"col medium-2 small-12 large-2\"  >\n\t\t\t\t<div class=\"col-inner\"  >\n\t\t\t\n\t\t\t\n\t\t<\/div>\n\t\t\t\t\t<\/div>\n\n\t\n\n\t<div id=\"col-1131327310\" class=\"col medium-6 small-12 large-6\"  >\n\t\t\t\t<div class=\"col-inner\"  >\n\t\t\t\n\t\t\t\n<h2><strong>Waar je ons altijd aan herkent<\/strong><\/h2>\n<h4><strong>Transitie als kans<\/strong><\/h4>\n<p>We kijken vooruit. Niet achterom.<\/p>\n<h4><strong>Draagvlak bouwen<\/strong><\/h4>\n<p>We verbinden mensen en belangen. We polariseren niet.<\/p>\n<h4><strong>Zelf doen, maar niet alleen<\/strong><\/h4>\n<p>We maken klanten sterker, niet afhankelijk.<\/p>\n<h4><strong>Oprecht &amp; realistisch<\/strong><\/h4>\n<p>We zeggen wat werkt, en wat niet. Ook als dat lastig is.<\/p>\n<h4><strong>Partnership &amp; plezier<\/strong><\/h4>\n<p>We werken hard, maar met humor en vertrouwen.<\/p>\n\t\t<\/div>\n\t\t\t\t\t<\/div>\n\n\t\n\n\t<div id=\"col-810496466\" class=\"col medium-4 small-12 large-4\"  >\n\t\t\t\t<div class=\"col-inner text-center\"  >\n\t\t\t\n\t\t\t\n\t<div class=\"img has-hover x md-x lg-x y md-y lg-y\" id=\"image_1276278919\">\n\t\t\t\t\t\t\t\t<div class=\"img-inner dark\" >\n\t\t\t<img loading=\"lazy\" decoding=\"async\" width=\"768\" height=\"768\" src=\"https:\/\/i0.wp.com\/publyon.com\/wp-content\/uploads\/2026\/03\/Publyon-pijlen.jpg?fit=768%2C768&amp;ssl=1\" class=\"attachment-medium_large size-medium_large\" alt=\"\" srcset=\"https:\/\/i0.wp.com\/publyon.com\/wp-content\/uploads\/2026\/03\/Publyon-pijlen.jpg?w=768&amp;ssl=1 768w, https:\/\/i0.wp.com\/publyon.com\/wp-content\/uploads\/2026\/03\/Publyon-pijlen.jpg?resize=300%2C300&amp;ssl=1 300w, https:\/\/i0.wp.com\/publyon.com\/wp-content\/uploads\/2026\/03\/Publyon-pijlen.jpg?resize=150%2C150&amp;ssl=1 150w\" sizes=\"auto, (max-width: 768px) 100vw, 768px\" \/>\t\t\t\t\t\t\n\t\t\t\t\t<\/div>\n\t\t\t\t\t\t\t\t\n<style>\n#image_1276278919 {\n  width: 100%;\n}\n<\/style>\n\t<\/div>\n\t\n\t\t<\/div>\n\t\t\t\t\n<style>\n#col-810496466 > .col-inner {\n  padding: 20px 0px 0px 0px;\n}\n<\/style>\n\t<\/div>\n\n\t\n\n<style>\n#row-157731216 > .col > .col-inner {\n  padding: 40px 0px 0px 0px;\n}\n<\/style>\n<\/div>\n<section class=\"section single-text  dark visible\">\n    <div class=\"bg section-bg fill bg-fill bg-loaded\">\n    <\/div>\n    <div class=\"section-content relative\">\n        <div class=\"gap-element clearfix hide-for-medium\" style=\"display:block; height:auto; padding-top: 40px;\"><\/div>\n        <div class=\"row row-large align-center align-middle\">\n            <div class=\"col text-col medium-12 small-12 large-8\">\n                <div class=\"col-inner\">\n                    \n<h2>Niet v\u00f3\u00f3r je maar m\u00e9t je<\/h2>\n<p>Wij geloven in zelfredzaamheid. In strategie die uitvoerbaar is. In gesprekken die verder helpen. In oplossingen die passen bij mensen en organisaties. Daarom werk je bij ons niet met \u00e9\u00e9n adviseur, maar met een team dat meedenkt, meewerkt en meeleeft. We bouwen aan je netwerk, scherpen je strategie en begeleiden je door iedere fase van besluitvorming. Helder. Concreet. Menselijk. Dat is hoe we het verschil maken als het erop aankomt.<\/p>\n\n                <\/div>\n            <\/div>     \n        <\/div>\n        <div class=\"gap-element clearfix hide-for-medium\" style=\"display:block; height:auto; padding-top:  30px;\"><\/div>\n    <\/div>\n<\/section>\n<div class=\"row\"  id=\"row-259128583\">\n\n\t<div id=\"col-1629856493\" class=\"col medium-2 small-12 large-2\"  >\n\t\t\t\t<div class=\"col-inner\"  >\n\t\t\t\n\t\t\t\n\t\t<\/div>\n\t\t\t\t\t<\/div>\n\n\t\n\n\t<div id=\"col-537590887\" class=\"col medium-6 small-12 large-6\"  >\n\t\t\t\t<div class=\"col-inner\"  >\n\t\t\t\n\t\t\t\n\t<div id=\"text-5653788\" class=\"text\">\n\t\t\n<h2>Laten we kennismaken<\/h2>\n<p>Wil je weten wat beleid voor jouw organisatie kan betekenen?<br \/>We denken graag met je mee: nuchter, vakkundig en met oog voor resultaat.<\/p>\n<ul>\n<li>Maak kennis met ons<\/li>\n<li>ontdek onze aanpak<\/li>\n<li>bekijk onze cases<\/li>\n<\/ul>\n\t\t\n<style>\n#text-5653788 {\n  text-align: left;\n}\n<\/style>\n\t<\/div>\n\t\n\n<p><!-- SharpSpring Form for NL4.0 Over Publyon --><br \/>\n<script data-jetpack-boost=\"ignore\" data-jetpack-boost=\"ignore\" data-jetpack-boost=\"ignore\" type=\"text\/javascript\">\n    var ss_form = {'account': 'MzY0NrQwMDQzAAA', 'formID': 'MzS3MDRLSTPSNUuyTNQ1sTBO0bU0TjLQtUixMLUwN0pNNDW3BAA'};\n    ss_form.width = '100%';\n    ss_form.domain = 'app-3SPGDTTTHW.marketingautomation.services';\n\/\/ ss_form.hidden = {'field_id': 'value'}; \/\/ Modify this for sending hidden variables, or overriding values\n    \/\/ ss_form.target_id = 'target'; \/\/ Optional parameter: forms will be placed inside the element with the specified id\n    \/\/ ss_form.polling = true; \/\/ Optional parameter: set to true ONLY if your page loads dynamically and the id needs to be polled continually.\n<\/script><br \/>\n<script data-jetpack-boost=\"ignore\" data-jetpack-boost=\"ignore\" data-jetpack-boost=\"ignore\" type=\"text\/javascript\" src=\"https:\/\/koi-3SPGDTTTHW.marketingautomation.services\/client\/form.js?ver=2.0.1\"><\/script><br \/>\n\n\t\t<\/div>\n\t\t\t\t\t<\/div>\n\n\t\n\n\t<div id=\"col-1834108544\" class=\"col medium-4 small-12 large-4\"  >\n\t\t\t\t<div class=\"col-inner\"  >\n\t\t\t\n\t\t\t\n\t<div class=\"img has-hover x md-x lg-x y md-y lg-y\" id=\"image_49927075\">\n\t\t\t\t\t\t\t\t<div class=\"img-inner dark\" >\n\t\t\t<img loading=\"lazy\" decoding=\"async\" width=\"350\" height=\"350\" src=\"https:\/\/i0.wp.com\/publyon.com\/wp-content\/uploads\/2026\/03\/Publyon-fingersnap.png?fit=350%2C350&amp;ssl=1\" class=\"attachment-large size-large\" alt=\"\" srcset=\"https:\/\/i0.wp.com\/publyon.com\/wp-content\/uploads\/2026\/03\/Publyon-fingersnap.png?w=350&amp;ssl=1 350w, https:\/\/i0.wp.com\/publyon.com\/wp-content\/uploads\/2026\/03\/Publyon-fingersnap.png?resize=300%2C300&amp;ssl=1 300w, https:\/\/i0.wp.com\/publyon.com\/wp-content\/uploads\/2026\/03\/Publyon-fingersnap.png?resize=150%2C150&amp;ssl=1 150w\" sizes=\"auto, (max-width: 350px) 100vw, 350px\" \/>\t\t\t\t\t\t\n\t\t\t\t\t<\/div>\n\t\t\t\t\t\t\t\t\n<style>\n#image_49927075 {\n  width: 47%;\n}\n<\/style>\n\t<\/div>\n\t\n\t\t<\/div>\n\t\t\t\t\t<\/div>\n\n\t\n\n<style>\n#row-259128583 > .col > .col-inner {\n  padding: 40px 0px 0px 0px;\n}\n<\/style>\n<\/div>\n","protected":false},"excerpt":{"rendered":"","protected":false},"author":14,"featured_media":0,"parent":0,"menu_order":47,"comment_status":"closed","ping_status":"closed","template":"","meta":{"_acf_changed":false,"footnotes":""},"class_list":["post-10132","page","type-page","status-publish","hentry"],"acf":[],"yoast_head":"<!-- This site is optimized with the Yoast SEO Premium plugin v27.4 (Yoast SEO v27.4) - https:\/\/yoast.com\/product\/yoast-seo-premium-wordpress\/ -->\n<title>Over Publyon - Waar beleid vooruitgang wordt<\/title>\n<meta name=\"description\" content=\"Lees het verhaal achter Publyon \u2013 de partner die beleid helpt vertalen naar vooruitgang. Wij bouwen aan invloed, draagvlak en leiderschap op elk niveau.\" \/>\n<meta name=\"robots\" content=\"index, follow, max-snippet:-1, max-image-preview:large, max-video-preview:-1\" \/>\n<link rel=\"canonical\" href=\"https:\/\/publyon.com\/nl\/over-publyon\/\" \/>\n<meta property=\"og:locale\" content=\"nl_NL\" \/>\n<meta property=\"og:type\" content=\"article\" \/>\n<meta property=\"og:title\" content=\"Over Publyon\" \/>\n<meta property=\"og:description\" content=\"Lees het verhaal achter Publyon \u2013 de partner die beleid helpt vertalen naar vooruitgang. Wij bouwen aan invloed, draagvlak en leiderschap op elk niveau.\" \/>\n<meta property=\"og:url\" content=\"https:\/\/publyon.com\/nl\/over-publyon\/\" \/>\n<meta property=\"og:site_name\" content=\"Publyon\" \/>\n<meta property=\"article:modified_time\" content=\"2026-04-07T08:29:24+00:00\" \/>\n<meta property=\"og:image\" content=\"https:\/\/i0.wp.com\/publyon.com\/wp-content\/uploads\/2023\/05\/Publyon-logo-fallback-image-for-Yoast-SEO.png?fit=1200%2C675&ssl=1\" \/>\n\t<meta property=\"og:image:width\" content=\"1200\" \/>\n\t<meta property=\"og:image:height\" content=\"675\" \/>\n\t<meta property=\"og:image:type\" content=\"image\/png\" \/>\n<meta name=\"twitter:card\" content=\"summary_large_image\" \/>\n<meta name=\"twitter:site\" content=\"@PublyonEU\" \/>\n<meta name=\"twitter:label1\" content=\"Geschatte leestijd\" \/>\n\t<meta name=\"twitter:data1\" content=\"3 minuten\" \/>\n<script type=\"application\/ld+json\" class=\"yoast-schema-graph\">{\"@context\":\"https:\\\/\\\/schema.org\",\"@graph\":[{\"@type\":\"WebPage\",\"@id\":\"https:\\\/\\\/publyon.com\\\/nl\\\/over-publyon\\\/\",\"url\":\"https:\\\/\\\/publyon.com\\\/nl\\\/over-publyon\\\/\",\"name\":\"Over Publyon - Waar beleid vooruitgang wordt\",\"isPartOf\":{\"@id\":\"https:\\\/\\\/publyon.com\\\/nl\\\/#website\"},\"datePublished\":\"2025-12-22T09:54:39+00:00\",\"dateModified\":\"2026-04-07T08:29:24+00:00\",\"description\":\"Lees het verhaal achter Publyon \u2013 de partner die beleid helpt vertalen naar vooruitgang. Wij bouwen aan invloed, draagvlak en leiderschap op elk niveau.\",\"breadcrumb\":{\"@id\":\"https:\\\/\\\/publyon.com\\\/nl\\\/over-publyon\\\/#breadcrumb\"},\"inLanguage\":\"nl-NL\",\"potentialAction\":[{\"@type\":\"ReadAction\",\"target\":[\"https:\\\/\\\/publyon.com\\\/nl\\\/over-publyon\\\/\"]}]},{\"@type\":\"BreadcrumbList\",\"@id\":\"https:\\\/\\\/publyon.com\\\/nl\\\/over-publyon\\\/#breadcrumb\",\"itemListElement\":[{\"@type\":\"ListItem\",\"position\":1,\"name\":\"Home\",\"item\":\"https:\\\/\\\/publyon.com\\\/nl\\\/\"},{\"@type\":\"ListItem\",\"position\":2,\"name\":\"Over Publyon\"}]},{\"@type\":\"WebSite\",\"@id\":\"https:\\\/\\\/publyon.com\\\/nl\\\/#website\",\"url\":\"https:\\\/\\\/publyon.com\\\/nl\\\/\",\"name\":\"Publyon\",\"description\":\"\",\"publisher\":{\"@id\":\"https:\\\/\\\/publyon.com\\\/nl\\\/#organization\"},\"potentialAction\":[{\"@type\":\"SearchAction\",\"target\":{\"@type\":\"EntryPoint\",\"urlTemplate\":\"https:\\\/\\\/publyon.com\\\/nl\\\/?s={search_term_string}\"},\"query-input\":{\"@type\":\"PropertyValueSpecification\",\"valueRequired\":true,\"valueName\":\"search_term_string\"}}],\"inLanguage\":\"nl-NL\"},{\"@type\":\"Organization\",\"@id\":\"https:\\\/\\\/publyon.com\\\/nl\\\/#organization\",\"name\":\"Publyon\",\"url\":\"https:\\\/\\\/publyon.com\\\/nl\\\/\",\"logo\":{\"@type\":\"ImageObject\",\"inLanguage\":\"nl-NL\",\"@id\":\"https:\\\/\\\/publyon.com\\\/nl\\\/#\\\/schema\\\/logo\\\/image\\\/\",\"url\":\"https:\\\/\\\/i0.wp.com\\\/publyon.com\\\/wp-content\\\/uploads\\\/2023\\\/05\\\/Publyon-logo-Organization-settings-Yoast-SEO.png?fit=696%2C696&ssl=1\",\"contentUrl\":\"https:\\\/\\\/i0.wp.com\\\/publyon.com\\\/wp-content\\\/uploads\\\/2023\\\/05\\\/Publyon-logo-Organization-settings-Yoast-SEO.png?fit=696%2C696&ssl=1\",\"width\":696,\"height\":696,\"caption\":\"Publyon\"},\"image\":{\"@id\":\"https:\\\/\\\/publyon.com\\\/nl\\\/#\\\/schema\\\/logo\\\/image\\\/\"},\"sameAs\":[\"https:\\\/\\\/x.com\\\/PublyonEU\",\"https:\\\/\\\/www.linkedin.com\\\/company\\\/publyon-eu\\\/\"],\"description\":\"As experts in public affairs, we facilitate people and organisations to have their voices heard by policymakers and help them shape a better future with our analyses and insights into where society is heading.\",\"email\":\"eu@publyon.com\",\"telephone\":\"+32 499 65 13 13\"}]}<\/script>\n<!-- \/ Yoast SEO Premium plugin. -->","yoast_head_json":{"title":"Over Publyon - Waar beleid vooruitgang wordt","description":"Lees het verhaal achter Publyon \u2013 de partner die beleid helpt vertalen naar vooruitgang. Wij bouwen aan invloed, draagvlak en leiderschap op elk niveau.","robots":{"index":"index","follow":"follow","max-snippet":"max-snippet:-1","max-image-preview":"max-image-preview:large","max-video-preview":"max-video-preview:-1"},"canonical":"https:\/\/publyon.com\/nl\/over-publyon\/","og_locale":"nl_NL","og_type":"article","og_title":"Over Publyon","og_description":"Lees het verhaal achter Publyon \u2013 de partner die beleid helpt vertalen naar vooruitgang. Wij bouwen aan invloed, draagvlak en leiderschap op elk niveau.","og_url":"https:\/\/publyon.com\/nl\/over-publyon\/","og_site_name":"Publyon","article_modified_time":"2026-04-07T08:29:24+00:00","og_image":[{"width":1200,"height":675,"url":"https:\/\/i0.wp.com\/publyon.com\/wp-content\/uploads\/2023\/05\/Publyon-logo-fallback-image-for-Yoast-SEO.png?fit=1200%2C675&ssl=1","type":"image\/png"}],"twitter_card":"summary_large_image","twitter_site":"@PublyonEU","twitter_misc":{"Geschatte leestijd":"3 minuten"},"schema":{"@context":"https:\/\/schema.org","@graph":[{"@type":"WebPage","@id":"https:\/\/publyon.com\/nl\/over-publyon\/","url":"https:\/\/publyon.com\/nl\/over-publyon\/","name":"Over Publyon - Waar beleid vooruitgang wordt","isPartOf":{"@id":"https:\/\/publyon.com\/nl\/#website"},"datePublished":"2025-12-22T09:54:39+00:00","dateModified":"2026-04-07T08:29:24+00:00","description":"Lees het verhaal achter Publyon \u2013 de partner die beleid helpt vertalen naar vooruitgang. Wij bouwen aan invloed, draagvlak en leiderschap op elk niveau.","breadcrumb":{"@id":"https:\/\/publyon.com\/nl\/over-publyon\/#breadcrumb"},"inLanguage":"nl-NL","potentialAction":[{"@type":"ReadAction","target":["https:\/\/publyon.com\/nl\/over-publyon\/"]}]},{"@type":"BreadcrumbList","@id":"https:\/\/publyon.com\/nl\/over-publyon\/#breadcrumb","itemListElement":[{"@type":"ListItem","position":1,"name":"Home","item":"https:\/\/publyon.com\/nl\/"},{"@type":"ListItem","position":2,"name":"Over Publyon"}]},{"@type":"WebSite","@id":"https:\/\/publyon.com\/nl\/#website","url":"https:\/\/publyon.com\/nl\/","name":"Publyon","description":"","publisher":{"@id":"https:\/\/publyon.com\/nl\/#organization"},"potentialAction":[{"@type":"SearchAction","target":{"@type":"EntryPoint","urlTemplate":"https:\/\/publyon.com\/nl\/?s={search_term_string}"},"query-input":{"@type":"PropertyValueSpecification","valueRequired":true,"valueName":"search_term_string"}}],"inLanguage":"nl-NL"},{"@type":"Organization","@id":"https:\/\/publyon.com\/nl\/#organization","name":"Publyon","url":"https:\/\/publyon.com\/nl\/","logo":{"@type":"ImageObject","inLanguage":"nl-NL","@id":"https:\/\/publyon.com\/nl\/#\/schema\/logo\/image\/","url":"https:\/\/i0.wp.com\/publyon.com\/wp-content\/uploads\/2023\/05\/Publyon-logo-Organization-settings-Yoast-SEO.png?fit=696%2C696&ssl=1","contentUrl":"https:\/\/i0.wp.com\/publyon.com\/wp-content\/uploads\/2023\/05\/Publyon-logo-Organization-settings-Yoast-SEO.png?fit=696%2C696&ssl=1","width":696,"height":696,"caption":"Publyon"},"image":{"@id":"https:\/\/publyon.com\/nl\/#\/schema\/logo\/image\/"},"sameAs":["https:\/\/x.com\/PublyonEU","https:\/\/www.linkedin.com\/company\/publyon-eu\/"],"description":"As experts in public affairs, we facilitate people and organisations to have their voices heard by policymakers and help them shape a better future with our analyses and insights into where society is heading.","email":"eu@publyon.com","telephone":"+32 499 65 13 13"}]}},"_links":{"self":[{"href":"https:\/\/publyon.com\/nl\/wp-json\/wp\/v2\/pages\/10132","targetHints":{"allow":["GET"]}}],"collection":[{"href":"https:\/\/publyon.com\/nl\/wp-json\/wp\/v2\/pages"}],"about":[{"href":"https:\/\/publyon.com\/nl\/wp-json\/wp\/v2\/types\/page"}],"author":[{"embeddable":true,"href":"https:\/\/publyon.com\/nl\/wp-json\/wp\/v2\/users\/14"}],"replies":[{"embeddable":true,"href":"https:\/\/publyon.com\/nl\/wp-json\/wp\/v2\/comments?post=10132"}],"version-history":[{"count":10,"href":"https:\/\/publyon.com\/nl\/wp-json\/wp\/v2\/pages\/10132\/revisions"}],"predecessor-version":[{"id":11469,"href":"https:\/\/publyon.com\/nl\/wp-json\/wp\/v2\/pages\/10132\/revisions\/11469"}],"wp:attachment":[{"href":"https:\/\/publyon.com\/nl\/wp-json\/wp\/v2\/media?parent=10132"}],"curies":[{"name":"wp","href":"https:\/\/api.w.org\/{rel}","templated":true}]}}